{"id":2457,"date":"2025-08-19T12:41:14","date_gmt":"2025-08-19T10:41:14","guid":{"rendered":"http:\/\/sirobrugnoli.com\/?page_id=2457"},"modified":"2025-08-19T13:01:08","modified_gmt":"2025-08-19T11:01:08","slug":"privacy-policy-3","status":"publish","type":"page","link":"http:\/\/sirobrugnoli.com\/index.php\/fr\/privacy-policy-3\/","title":{"rendered":"Privacy Policy"},"content":{"rendered":"\t\t<div data-elementor-type=\"wp-page\" data-elementor-id=\"2457\" class=\"elementor elementor-2457\">\n\t\t\t\t<div class=\"elementor-element elementor-element-774cac4 e-flex e-con-boxed e-con e-parent\" data-id=\"774cac4\" data-element_type=\"container\">\n\t\t\t\t\t<div class=\"e-con-inner\">\n\t\t\t\t<div class=\"elementor-element elementor-element-dbd0a69 elementor-widget elementor-widget-heading\" data-id=\"dbd0a69\" data-element_type=\"widget\" data-widget_type=\"heading.default\">\n\t\t\t\t\t<h2 class=\"elementor-heading-title elementor-size-default\"><a href=\"http:\/\/sirobrugnoli.com\/index.php\/fr\/home-3\/\">\ud83e\udc60 Retour \u00e0 la page d'accueil<\/a><\/h2>\t\t\t\t<\/div>\n\t\t\t\t<div class=\"elementor-element elementor-element-339f83b elementor-widget elementor-widget-heading\" data-id=\"339f83b\" data-element_type=\"widget\" data-widget_type=\"heading.default\">\n\t\t\t\t\t<h2 class=\"elementor-heading-title elementor-size-default\">Privacy Policy<\/h2>\t\t\t\t<\/div>\n\t\t\t\t<div class=\"elementor-element elementor-element-997c63a elementor-widget elementor-widget-text-editor\" data-id=\"997c63a\" data-element_type=\"widget\" data-widget_type=\"text-editor.default\">\n\t\t\t\t\t\t\t\t\t<h1 data-start=\"252\" data-end=\"290\">Politique de confidentialit\u00e9 de Siro Brugnoli<\/h1>\n<p data-start=\"291\" data-end=\"332\"><strong data-start=\"291\" data-end=\"332\">Derni\u00e8re mise \u00e0 jour : 19\/08\/2025<\/strong><\/p>\n<p data-start=\"291\" data-end=\"332\">1. Responsable du traitement<\/p>\n<p data-start=\"367\" data-end=\"418\">Le responsable du traitement des donn\u00e9es personnelles est :<\/p>\n<p data-start=\"420\" data-end=\"537\"><strong data-start=\"420\" data-end=\"440\">Siro Burgnoli<\/strong><br data-start=\"463\" data-end=\"466\">Email : Brugnolisiro2@gmail.com<\/p>\n<hr data-start=\"655\" data-end=\"658\">\n<h2 data-start=\"660\" data-end=\"694\">2. Types de donn\u00e9es collect\u00e9es<\/h2>\n<p data-start=\"695\" data-end=\"815\">Lors de l\u2019utilisation de notre site web et de nos services, nous pouvons collecter les cat\u00e9gories de donn\u00e9es personnelles suivantes :<\/p>\n<ul data-start=\"817\" data-end=\"1273\">\n<li data-start=\"817\" data-end=\"887\">\n<p data-start=\"819\" data-end=\"887\"><strong data-start=\"819\" data-end=\"853\">Donn\u00e9es personnelles et de contact :<\/strong> pr\u00e9nom, nom, email.<\/p>\n<\/li>\n<li data-start=\"888\" data-end=\"1008\">\n<p data-start=\"890\" data-end=\"1008\"><strong data-start=\"890\" data-end=\"914\">Donn\u00e9es de navigation :<\/strong> adresse IP, type de navigateur, pages visit\u00e9es, date et heure d\u2019acc\u00e8s, dur\u00e9e de visite.<\/p>\n<\/li>\n<li data-start=\"1165\" data-end=\"1273\">\n<p data-start=\"1167\" data-end=\"1273\"><strong data-start=\"1167\" data-end=\"1198\">Cookies et technologies similaires :<\/strong> \u00e0 des fins techniques, statistiques et marketing (voir la section Cookies).<\/p>\n<\/li>\n<\/ul>\n<hr data-start=\"1275\" data-end=\"1278\">\n<h2 data-start=\"1280\" data-end=\"1330\">3. Finalit\u00e9s et bases l\u00e9gales du traitement<\/h2>\n<p data-start=\"1331\" data-end=\"1397\">Vos donn\u00e9es personnelles sont trait\u00e9es pour les finalit\u00e9s suivantes :<\/p>\n<ol data-start=\"1399\" data-end=\"2074\">\n<li data-start=\"1563\" data-end=\"1708\">\n<p data-start=\"1566\" data-end=\"1708\"><strong data-start=\"1566\" data-end=\"1596\">Communication et assistance<\/strong> \u2013 r\u00e9pondre aux demandes et fournir un support (base l\u00e9gale : ex\u00e9cution d\u2019un contrat \/ int\u00e9r\u00eat l\u00e9gitime).<\/p>\n<\/li>\n<li data-start=\"1957\" data-end=\"2074\">\n<p data-start=\"1960\" data-end=\"2074\"><strong data-start=\"1960\" data-end=\"1992\">Obligations l\u00e9gales et fiscales<\/strong> \u2013 conserver les donn\u00e9es conform\u00e9ment aux obligations l\u00e9gales (base l\u00e9gale : obligation l\u00e9gale).<\/p>\n<\/li>\n<\/ol>\n<hr data-start=\"2076\" data-end=\"2079\">\n<h2 data-start=\"2081\" data-end=\"2111\">4. Conservation des donn\u00e9es<\/h2>\n<p data-start=\"2112\" data-end=\"2250\">Les donn\u00e9es personnelles sont conserv\u00e9es uniquement pour la dur\u00e9e n\u00e9cessaire \u00e0 l\u2019atteinte des finalit\u00e9s pour lesquelles elles ont \u00e9t\u00e9 collect\u00e9es, en particulier :<\/p>\n<ul data-start=\"2252\" data-end=\"2454\">\n<li data-start=\"2252\" data-end=\"2328\">\n<p data-start=\"2254\" data-end=\"2328\"><span style=\"background-color: transparent;\">Donn\u00e9es de navigation : maximum 12 mois.<\/span><\/p>\n<\/li>\n<\/ul>\n<hr data-start=\"2456\" data-end=\"2459\">\n<h2 data-start=\"2461\" data-end=\"2506\">5. Partage et transfert des donn\u00e9es<\/h2>\n<p data-start=\"2507\" data-end=\"2544\">Les donn\u00e9es peuvent \u00eatre communiqu\u00e9es \u00e0 :<\/p>\n<ul data-start=\"2546\" data-end=\"2695\">\n<li data-start=\"2546\" data-end=\"2644\">\n<p data-start=\"2548\" data-end=\"2644\"><span style=\"background-color: transparent;\">Les autorit\u00e9s comp\u00e9tentes, si la loi l\u2019exige.<\/span><\/p>\n<\/li>\n<\/ul>\n<p data-start=\"2697\" data-end=\"2900\">Si les donn\u00e9es sont transf\u00e9r\u00e9es en dehors de l\u2019Union europ\u00e9enne, cela n\u2019a lieu qu\u2019\u00e0 destination de pays b\u00e9n\u00e9ficiant d\u2019une d\u00e9cision d\u2019ad\u00e9quation de la Commission europ\u00e9enne ou via des clauses contractuelles types (articles 44-49 RGPD).<\/p>\n<hr data-start=\"2902\" data-end=\"2905\">\n<h2 data-start=\"2907\" data-end=\"2939\">6. Droits de la personne concern\u00e9e<\/h2>\n<p data-start=\"2940\" data-end=\"2997\">Conform\u00e9ment au RGPD (articles 15-22), vous avez le droit de :<\/p>\n<ul data-start=\"2999\" data-end=\"3364\">\n<li data-start=\"2999\" data-end=\"3035\">\n<p data-start=\"3001\" data-end=\"3035\">Acc\u00e9der \u00e0 vos donn\u00e9es personnelles.<\/p>\n<\/li>\n<li data-start=\"3036\" data-end=\"3068\">\n<p data-start=\"3038\" data-end=\"3068\">Rectifier les donn\u00e9es inexactes.<\/p>\n<\/li>\n<li data-start=\"3069\" data-end=\"3123\">\n<p data-start=\"3071\" data-end=\"3123\">Demander la suppression (\u00ab droit \u00e0 l\u2019oubli \u00bb).<\/p>\n<\/li>\n<li data-start=\"3124\" data-end=\"3152\">\n<p data-start=\"3126\" data-end=\"3152\">Limiter le traitement.<\/p>\n<\/li>\n<li data-start=\"3153\" data-end=\"3211\">\n<p data-start=\"3155\" data-end=\"3211\">S\u2019opposer au traitement fond\u00e9 sur l\u2019int\u00e9r\u00eat l\u00e9gitime.<\/p>\n<\/li>\n<li data-start=\"3212\" data-end=\"3317\">\n<p data-start=\"3214\" data-end=\"3317\">Retirer votre consentement \u00e0 tout moment (sans affecter la l\u00e9galit\u00e9 du traitement pr\u00e9c\u00e9dent).<\/p>\n<\/li>\n<li data-start=\"3318\" data-end=\"3364\">\n<p data-start=\"3320\" data-end=\"3364\">Recevoir vos donn\u00e9es dans un format portable.<\/p>\n<\/li>\n<\/ul>\n<p data-start=\"3366\" data-end=\"3449\">Vous pouvez exercer vos droits en \u00e9crivant \u00e0 : Brugnolisiro2@gmail.com<\/p>\n<hr data-start=\"3621\" data-end=\"3624\">\n<h2 data-start=\"3626\" data-end=\"3640\">7. Cookies<\/h2>\n<p data-start=\"3641\" data-end=\"3821\">Notre site utilise des cookies techniques et, avec votre consentement, des cookies de profilage et d\u2019analyse.<\/p>\n<hr data-start=\"3823\" data-end=\"3826\">\n<h2 data-start=\"3828\" data-end=\"3842\">8. Mineurs<\/h2>\n<p data-start=\"3843\" data-end=\"3975\">Notre service n\u2019est pas destin\u00e9 aux utilisateurs de moins de 18 ans. Nous ne collectons pas sciemment de donn\u00e9es personnelles de mineurs.<\/p>\n<hr data-start=\"3977\" data-end=\"3980\">\n<h2 data-start=\"3982\" data-end=\"4008\">9. S\u00e9curit\u00e9 des donn\u00e9es<\/h2>\n<p data-start=\"4009\" data-end=\"4204\">Nous adoptons des mesures de s\u00e9curit\u00e9 techniques et organisationnelles appropri\u00e9es pour prot\u00e9ger les donn\u00e9es personnelles. Cependant, aucun syst\u00e8me n\u2019est totalement s\u00e9curis\u00e9 et nous ne pouvons garantir une protection absolue.<\/p>\n<hr data-start=\"4206\" data-end=\"4209\">\n<h2 data-start=\"4211\" data-end=\"4258\">10. Modifications de cette Politique de confidentialit\u00e9<\/h2>\n<p data-start=\"4259\" data-end=\"4413\">Nous nous r\u00e9servons le droit de mettre \u00e0 jour cette notice de confidentialit\u00e9. Toute modification sera publi\u00e9e sur cette page avec la date de mise \u00e0 jour.<\/p>\n\t\t\t\t\t\t\t\t<\/div>\n\t\t\t\t\t<\/div>\n\t\t\t\t<\/div>\n\t\t\t\t<\/div>\n\t\t","protected":false},"excerpt":{"rendered":"<p>\ud83e\udc60 Retour \u00e0 la page d&#8217;accueil Privacy Policy Politique de confidentialit\u00e9 de Siro Brugnoli Derni\u00e8re mise \u00e0 jour : 19\/08\/2025 1. Responsable du traitement Le responsable du traitement des donn\u00e9es personnelles est : Siro BurgnoliEmail : Brugnolisiro2@gmail.com 2. Types de donn\u00e9es collect\u00e9es Lors de l\u2019utilisation de notre site web et de nos services, nous pouvons [&hellip;]<\/p>\n","protected":false},"author":1,"featured_media":0,"parent":0,"menu_order":0,"comment_status":"closed","ping_status":"open","template":"elementor_canvas","meta":{"footnotes":""},"class_list":["post-2457","page","type-page","status-publish","hentry"],"_links":{"self":[{"href":"http:\/\/sirobrugnoli.com\/index.php\/wp-json\/wp\/v2\/pages\/2457","targetHints":{"allow":["GET"]}}],"collection":[{"href":"http:\/\/sirobrugnoli.com\/index.php\/wp-json\/wp\/v2\/pages"}],"about":[{"href":"http:\/\/sirobrugnoli.com\/index.php\/wp-json\/wp\/v2\/types\/page"}],"author":[{"embeddable":true,"href":"http:\/\/sirobrugnoli.com\/index.php\/wp-json\/wp\/v2\/users\/1"}],"replies":[{"embeddable":true,"href":"http:\/\/sirobrugnoli.com\/index.php\/wp-json\/wp\/v2\/comments?post=2457"}],"version-history":[{"count":7,"href":"http:\/\/sirobrugnoli.com\/index.php\/wp-json\/wp\/v2\/pages\/2457\/revisions"}],"predecessor-version":[{"id":2482,"href":"http:\/\/sirobrugnoli.com\/index.php\/wp-json\/wp\/v2\/pages\/2457\/revisions\/2482"}],"wp:attachment":[{"href":"http:\/\/sirobrugnoli.com\/index.php\/wp-json\/wp\/v2\/media?parent=2457"}],"curies":[{"name":"wp","href":"https:\/\/api.w.org\/{rel}","templated":true}]}}